{"id":11350,"date":"2025-04-17T20:42:14","date_gmt":"2025-04-17T20:42:14","guid":{"rendered":"https:\/\/www.papillons-boutique.ro\/?post_type=product&#038;p=11350"},"modified":"2025-04-26T17:39:37","modified_gmt":"2025-04-26T17:39:37","slug":"set-pijama-sexy-din-catifea-maiou-si-pantaloni-scurti-roz","status":"publish","type":"product","link":"https:\/\/www.papillons-boutique.ro\/ro\/produse\/set-pijama-sexy-din-catifea-maiou-si-pantaloni-scurti-roz\/","title":{"rendered":"Set pijama sexy din catifea, maiou si pantaloni scurti roz"},"content":{"rendered":"<div data-elementor-type=\"wp-post\" data-elementor-id=\"11350\" class=\"elementor elementor-11350\">\n\t\t\t\t\t\t<section class=\"elementor-section elementor-top-section elementor-element elementor-element-5c4d4f1c elementor-section-content-top elementor-section-boxed elementor-section-height-default elementor-section-height-default\" data-id=\"5c4d4f1c\" data-element_type=\"section\">\n\t\t\t\t\t\t<div class=\"elementor-container elementor-column-gap-default\">\n\t\t\t\t\t<div class=\"elementor-column elementor-col-50 elementor-top-column elementor-element elementor-element-596d6e65\" data-id=\"596d6e65\" data-element_type=\"column\">\n\t\t\t<div class=\"elementor-widget-wrap\">\n\t\t\t\t\t\t\t<\/div>\n\t\t<\/div>\n\t\t\t\t<div class=\"elementor-column elementor-col-50 elementor-top-column elementor-element elementor-element-2c92bdae\" data-id=\"2c92bdae\" data-element_type=\"column\">\n\t\t\t<div class=\"elementor-widget-wrap elementor-element-populated\">\n\t\t\t\t\t\t<section class=\"elementor-section elementor-inner-section elementor-element elementor-element-1a8f9bc8 elementor-section-content-top elementor-section-boxed elementor-section-height-default elementor-section-height-default\" data-id=\"1a8f9bc8\" data-element_type=\"section\">\n\t\t\t\t\t\t<div class=\"elementor-container elementor-column-gap-default\">\n\t\t\t\t\t<div class=\"elementor-column elementor-col-50 elementor-inner-column elementor-element elementor-element-33fa3dd9\" data-id=\"33fa3dd9\" data-element_type=\"column\">\n\t\t\t<div class=\"elementor-widget-wrap\">\n\t\t\t\t\t\t\t<\/div>\n\t\t<\/div>\n\t\t\t\t<div class=\"elementor-column elementor-col-50 elementor-top-column elementor-element elementor-element-5633ee36\" data-id=\"5633ee36\" data-element_type=\"column\">\n\t\t\t<div class=\"elementor-widget-wrap\">\n\t\t\t\t\t\t\t<\/div>\n\t\t<\/div>\n\t\t\t\t\t<\/div>\n\t\t<\/section>\n\t\t\t\t\t<\/div>\n\t\t<\/div>\n\t\t\t\t\t<\/div>\n\t\t<\/section>\n\t\t\t\t<\/div>","protected":false},"excerpt":{"rendered":"<p>Bine ai venit \u00een lumea somnului lini\u0219tit \u0219i al rafinamentului feminin! Aici g\u0103se\u0219ti pijamale de dam\u0103 care combin\u0103 confortul absolut cu un design elegant \u0219i lejer, potrivite pentru orice siluet\u0103.<\/p>\n<p>Fecare pies\u0103 este creat\u0103 pentru a-\u021bi oferi nop\u021bi de vis \u0219i dimine\u021bi pline de energie. Materialele sunt pl\u0103cute la atingere, nu se modific\u0103 la sp\u0103lat \u0219i \u00ee\u021bi r\u0103sfa\u021b\u0103 pielea \u00een fiecare clip\u0103.<\/p>\n<p>Modelele sexy \u0219i comode sunt perfecte pentru momente speciale sau pur \u0219i simplu pentru serile \u00een care vrei s\u0103 te sim\u021bi bine \u00een pielea ta.<\/p>","protected":false},"featured_media":11354,"comment_status":"open","ping_status":"closed","template":"","meta":[],"product_cat":[199],"product_tag":[],"class_list":{"0":"post-11350","1":"product","2":"type-product","3":"status-publish","4":"has-post-thumbnail","6":"product_cat-pijama-catifea","8":"first","9":"instock","10":"sale","11":"shipping-taxable","12":"purchasable","13":"product-type-variable","14":"has-default-attributes"},"yoast_head":"<!-- This site is optimized with the Yoast SEO Premium plugin v24.5 (Yoast SEO v24.5) - https:\/\/yoast.com\/wordpress\/plugins\/seo\/ -->\n<title>Set pijama sexy din catifea, maiou si pantaloni scurti roz | Papillons Botique<\/title>\n<meta name=\"robots\" content=\"index, follow, max-snippet:-1, max-image-preview:large, max-video-preview:-1\" \/>\n<link rel=\"canonical\" href=\"https:\/\/www.papillons-boutique.ro\/ro\/produse\/set-pijama-sexy-din-catifea-maiou-si-pantaloni-scurti-roz\/\" \/>\n<meta property=\"og:locale\" content=\"ro_RO\" \/>\n<meta property=\"og:type\" content=\"article\" \/>\n<meta property=\"og:title\" content=\"Set pijama sexy din catifea, maiou si pantaloni scurti roz\" \/>\n<meta property=\"og:description\" content=\"Bine ai venit \u00een lumea somnului lini\u0219tit \u0219i al rafinamentului feminin! Aici g\u0103se\u0219ti pijamale de dam\u0103 care combin\u0103 confortul absolut cu un design elegant \u0219i lejer, potrivite pentru orice siluet\u0103.  Fecare pies\u0103 este creat\u0103 pentru a-\u021bi oferi nop\u021bi de vis \u0219i dimine\u021bi pline de energie. Materialele sunt pl\u0103cute la atingere, nu se modific\u0103 la sp\u0103lat \u0219i \u00ee\u021bi r\u0103sfa\u021b\u0103 pielea \u00een fiecare clip\u0103.  Modelele sexy \u0219i comode sunt perfecte pentru momente speciale sau pur \u0219i simplu pentru serile \u00een care vrei s\u0103 te sim\u021bi bine \u00een pielea ta.\" \/>\n<meta property=\"og:url\" content=\"https:\/\/www.papillons-boutique.ro\/ro\/produse\/set-pijama-sexy-din-catifea-maiou-si-pantaloni-scurti-roz\/\" \/>\n<meta property=\"og:site_name\" content=\"Papillons Botique\" \/>\n<meta property=\"article:modified_time\" content=\"2025-04-26T17:39:37+00:00\" \/>\n<meta property=\"og:image\" content=\"https:\/\/www.papillons-boutique.ro\/wp-content\/uploads\/2025\/04\/poza-roz-1.jpg\" \/>\n\t<meta property=\"og:image:width\" content=\"1200\" \/>\n\t<meta property=\"og:image:height\" content=\"1533\" \/>\n\t<meta property=\"og:image:type\" content=\"image\/jpeg\" \/>\n<meta name=\"twitter:card\" content=\"summary_large_image\" \/>\n<meta name=\"twitter:label1\" content=\"Disponibilitate\" \/>\n\t<meta name=\"twitter:data1\" content=\"\u00cen stoc\" \/>\n<script type=\"application\/ld+json\" class=\"yoast-schema-graph\">{\"@context\":\"https:\/\/schema.org\",\"@graph\":[{\"@type\":\"WebPage\",\"@id\":\"https:\/\/www.papillons-boutique.ro\/produse\/set-pijama-sexy-din-catifea-maiou-si-pantaloni-scurti-roz\/\",\"url\":\"https:\/\/www.papillons-boutique.ro\/produse\/set-pijama-sexy-din-catifea-maiou-si-pantaloni-scurti-roz\/\",\"name\":\"Set pijama sexy din catifea, maiou si pantaloni scurti roz | Papillons Botique\",\"isPartOf\":{\"@id\":\"https:\/\/www.papillons-boutique.ro\/#website\"},\"primaryImageOfPage\":{\"@id\":\"https:\/\/www.papillons-boutique.ro\/produse\/set-pijama-sexy-din-catifea-maiou-si-pantaloni-scurti-roz\/#primaryimage\"},\"image\":{\"@id\":\"https:\/\/www.papillons-boutique.ro\/produse\/set-pijama-sexy-din-catifea-maiou-si-pantaloni-scurti-roz\/#primaryimage\"},\"thumbnailUrl\":\"https:\/\/www.papillons-boutique.ro\/wp-content\/uploads\/2025\/04\/poza-roz-1.jpg\",\"datePublished\":\"2025-04-17T20:42:14+00:00\",\"dateModified\":\"2025-04-26T17:39:37+00:00\",\"breadcrumb\":{\"@id\":\"https:\/\/www.papillons-boutique.ro\/produse\/set-pijama-sexy-din-catifea-maiou-si-pantaloni-scurti-roz\/#breadcrumb\"},\"inLanguage\":\"ro-RO\",\"potentialAction\":[{\"@type\":\"ReadAction\",\"target\":[\"https:\/\/www.papillons-boutique.ro\/produse\/set-pijama-sexy-din-catifea-maiou-si-pantaloni-scurti-roz\/\"]}]},{\"@type\":\"ImageObject\",\"inLanguage\":\"ro-RO\",\"@id\":\"https:\/\/www.papillons-boutique.ro\/produse\/set-pijama-sexy-din-catifea-maiou-si-pantaloni-scurti-roz\/#primaryimage\",\"url\":\"https:\/\/www.papillons-boutique.ro\/wp-content\/uploads\/2025\/04\/poza-roz-1.jpg\",\"contentUrl\":\"https:\/\/www.papillons-boutique.ro\/wp-content\/uploads\/2025\/04\/poza-roz-1.jpg\",\"width\":1200,\"height\":1533},{\"@type\":\"BreadcrumbList\",\"@id\":\"https:\/\/www.papillons-boutique.ro\/produse\/set-pijama-sexy-din-catifea-maiou-si-pantaloni-scurti-roz\/#breadcrumb\",\"itemListElement\":[{\"@type\":\"ListItem\",\"position\":1,\"name\":\"Home\",\"item\":\"https:\/\/www.papillons-boutique.ro\/\"},{\"@type\":\"ListItem\",\"position\":2,\"name\":\"Shop\",\"item\":\"https:\/\/www.papillons-boutique.ro\/shop\/\"},{\"@type\":\"ListItem\",\"position\":3,\"name\":\"Set pijama sexy din catifea, maiou si pantaloni scurti roz\"}]},{\"@type\":\"WebSite\",\"@id\":\"https:\/\/www.papillons-boutique.ro\/#website\",\"url\":\"https:\/\/www.papillons-boutique.ro\/\",\"name\":\"Papillons Boutique\",\"description\":\"Papillons Boutique\",\"publisher\":{\"@id\":\"https:\/\/www.papillons-boutique.ro\/#organization\"},\"potentialAction\":[{\"@type\":\"SearchAction\",\"target\":{\"@type\":\"EntryPoint\",\"urlTemplate\":\"https:\/\/www.papillons-boutique.ro\/?s={search_term_string}\"},\"query-input\":{\"@type\":\"PropertyValueSpecification\",\"valueRequired\":true,\"valueName\":\"search_term_string\"}}],\"inLanguage\":\"ro-RO\"},{\"@type\":[\"Organization\",\"Place\"],\"@id\":\"https:\/\/www.papillons-boutique.ro\/#organization\",\"name\":\"Papillons Botique\",\"url\":\"https:\/\/www.papillons-boutique.ro\/\",\"logo\":{\"@id\":\"https:\/\/www.papillons-boutique.ro\/produse\/set-pijama-sexy-din-catifea-maiou-si-pantaloni-scurti-roz\/#local-main-organization-logo\"},\"image\":{\"@id\":\"https:\/\/www.papillons-boutique.ro\/produse\/set-pijama-sexy-din-catifea-maiou-si-pantaloni-scurti-roz\/#local-main-organization-logo\"},\"telephone\":[],\"openingHoursSpecification\":[{\"@type\":\"OpeningHoursSpecification\",\"dayOfWeek\":[\"Monday\",\"Tuesday\",\"Wednesday\",\"Thursday\",\"Friday\",\"Saturday\",\"Sunday\"],\"opens\":\"09:00\",\"closes\":\"17:00\"}]},{\"@type\":\"ImageObject\",\"inLanguage\":\"ro-RO\",\"@id\":\"https:\/\/www.papillons-boutique.ro\/produse\/set-pijama-sexy-din-catifea-maiou-si-pantaloni-scurti-roz\/#local-main-organization-logo\",\"url\":\"https:\/\/www.papillons-boutique.ro\/wp-content\/uploads\/2025\/04\/logo-1.png\",\"contentUrl\":\"https:\/\/www.papillons-boutique.ro\/wp-content\/uploads\/2025\/04\/logo-1.png\",\"width\":336,\"height\":120,\"caption\":\"Papillons Botique\"}]}<\/script>\n<meta property=\"og:availability\" content=\"instock\" \/>\n<meta property=\"product:availability\" content=\"instock\" \/>\n<meta property=\"product:retailer_item_id\" content=\"PIJ2_1-1-1-1-1\" \/>\n<meta property=\"product:condition\" content=\"new\" \/>\n<!-- \/ Yoast SEO Premium plugin. -->","yoast_head_json":{"title":"Set pijama sexy din catifea, maiou si pantaloni scurti roz | Papillons Botique","robots":{"index":"index","follow":"follow","max-snippet":"max-snippet:-1","max-image-preview":"max-image-preview:large","max-video-preview":"max-video-preview:-1"},"canonical":"https:\/\/www.papillons-boutique.ro\/ro\/produse\/set-pijama-sexy-din-catifea-maiou-si-pantaloni-scurti-roz\/","og_locale":"ro_RO","og_type":"article","og_title":"Set pijama sexy din catifea, maiou si pantaloni scurti roz","og_description":"Bine ai venit \u00een lumea somnului lini\u0219tit \u0219i al rafinamentului feminin! Aici g\u0103se\u0219ti pijamale de dam\u0103 care combin\u0103 confortul absolut cu un design elegant \u0219i lejer, potrivite pentru orice siluet\u0103.  Fecare pies\u0103 este creat\u0103 pentru a-\u021bi oferi nop\u021bi de vis \u0219i dimine\u021bi pline de energie. Materialele sunt pl\u0103cute la atingere, nu se modific\u0103 la sp\u0103lat \u0219i \u00ee\u021bi r\u0103sfa\u021b\u0103 pielea \u00een fiecare clip\u0103.  Modelele sexy \u0219i comode sunt perfecte pentru momente speciale sau pur \u0219i simplu pentru serile \u00een care vrei s\u0103 te sim\u021bi bine \u00een pielea ta.","og_url":"https:\/\/www.papillons-boutique.ro\/ro\/produse\/set-pijama-sexy-din-catifea-maiou-si-pantaloni-scurti-roz\/","og_site_name":"Papillons Botique","article_modified_time":"2025-04-26T17:39:37+00:00","og_image":[{"width":1200,"height":1533,"url":"https:\/\/www.papillons-boutique.ro\/wp-content\/uploads\/2025\/04\/poza-roz-1.jpg","type":"image\/jpeg"}],"twitter_card":"summary_large_image","twitter_misc":{"Disponibilitate":"\u00cen stoc"},"schema":{"@context":"https:\/\/schema.org","@graph":[{"@type":"WebPage","@id":"https:\/\/www.papillons-boutique.ro\/produse\/set-pijama-sexy-din-catifea-maiou-si-pantaloni-scurti-roz\/","url":"https:\/\/www.papillons-boutique.ro\/produse\/set-pijama-sexy-din-catifea-maiou-si-pantaloni-scurti-roz\/","name":"Set pijama sexy din catifea, maiou si pantaloni scurti roz | Papillons Botique","isPartOf":{"@id":"https:\/\/www.papillons-boutique.ro\/#website"},"primaryImageOfPage":{"@id":"https:\/\/www.papillons-boutique.ro\/produse\/set-pijama-sexy-din-catifea-maiou-si-pantaloni-scurti-roz\/#primaryimage"},"image":{"@id":"https:\/\/www.papillons-boutique.ro\/produse\/set-pijama-sexy-din-catifea-maiou-si-pantaloni-scurti-roz\/#primaryimage"},"thumbnailUrl":"https:\/\/www.papillons-boutique.ro\/wp-content\/uploads\/2025\/04\/poza-roz-1.jpg","datePublished":"2025-04-17T20:42:14+00:00","dateModified":"2025-04-26T17:39:37+00:00","breadcrumb":{"@id":"https:\/\/www.papillons-boutique.ro\/produse\/set-pijama-sexy-din-catifea-maiou-si-pantaloni-scurti-roz\/#breadcrumb"},"inLanguage":"ro-RO","potentialAction":[{"@type":"ReadAction","target":["https:\/\/www.papillons-boutique.ro\/produse\/set-pijama-sexy-din-catifea-maiou-si-pantaloni-scurti-roz\/"]}]},{"@type":"ImageObject","inLanguage":"ro-RO","@id":"https:\/\/www.papillons-boutique.ro\/produse\/set-pijama-sexy-din-catifea-maiou-si-pantaloni-scurti-roz\/#primaryimage","url":"https:\/\/www.papillons-boutique.ro\/wp-content\/uploads\/2025\/04\/poza-roz-1.jpg","contentUrl":"https:\/\/www.papillons-boutique.ro\/wp-content\/uploads\/2025\/04\/poza-roz-1.jpg","width":1200,"height":1533},{"@type":"BreadcrumbList","@id":"https:\/\/www.papillons-boutique.ro\/produse\/set-pijama-sexy-din-catifea-maiou-si-pantaloni-scurti-roz\/#breadcrumb","itemListElement":[{"@type":"ListItem","position":1,"name":"Home","item":"https:\/\/www.papillons-boutique.ro\/"},{"@type":"ListItem","position":2,"name":"Shop","item":"https:\/\/www.papillons-boutique.ro\/shop\/"},{"@type":"ListItem","position":3,"name":"Set pijama sexy din catifea, maiou si pantaloni scurti roz"}]},{"@type":"WebSite","@id":"https:\/\/www.papillons-boutique.ro\/#website","url":"https:\/\/www.papillons-boutique.ro\/","name":"Papillons Boutique","description":"Papillons Boutique","publisher":{"@id":"https:\/\/www.papillons-boutique.ro\/#organization"},"potentialAction":[{"@type":"SearchAction","target":{"@type":"EntryPoint","urlTemplate":"https:\/\/www.papillons-boutique.ro\/?s={search_term_string}"},"query-input":{"@type":"PropertyValueSpecification","valueRequired":true,"valueName":"search_term_string"}}],"inLanguage":"ro-RO"},{"@type":["Organization","Place"],"@id":"https:\/\/www.papillons-boutique.ro\/#organization","name":"Papillons Botique","url":"https:\/\/www.papillons-boutique.ro\/","logo":{"@id":"https:\/\/www.papillons-boutique.ro\/produse\/set-pijama-sexy-din-catifea-maiou-si-pantaloni-scurti-roz\/#local-main-organization-logo"},"image":{"@id":"https:\/\/www.papillons-boutique.ro\/produse\/set-pijama-sexy-din-catifea-maiou-si-pantaloni-scurti-roz\/#local-main-organization-logo"},"telephone":[],"openingHoursSpecification":[{"@type":"OpeningHoursSpecification","dayOfWeek":["Monday","Tuesday","Wednesday","Thursday","Friday","Saturday","Sunday"],"opens":"09:00","closes":"17:00"}]},{"@type":"ImageObject","inLanguage":"ro-RO","@id":"https:\/\/www.papillons-boutique.ro\/produse\/set-pijama-sexy-din-catifea-maiou-si-pantaloni-scurti-roz\/#local-main-organization-logo","url":"https:\/\/www.papillons-boutique.ro\/wp-content\/uploads\/2025\/04\/logo-1.png","contentUrl":"https:\/\/www.papillons-boutique.ro\/wp-content\/uploads\/2025\/04\/logo-1.png","width":336,"height":120,"caption":"Papillons Botique"}]},"og_availability":"instock","product_availability":"instock","product_retailer_item_id":"PIJ2_1-1-1-1-1","product_condition":"new"},"_links":{"self":[{"href":"https:\/\/www.papillons-boutique.ro\/ro\/wp-json\/wp\/v2\/product\/11350","targetHints":{"allow":["GET"]}}],"collection":[{"href":"https:\/\/www.papillons-boutique.ro\/ro\/wp-json\/wp\/v2\/product"}],"about":[{"href":"https:\/\/www.papillons-boutique.ro\/ro\/wp-json\/wp\/v2\/types\/product"}],"replies":[{"embeddable":true,"href":"https:\/\/www.papillons-boutique.ro\/ro\/wp-json\/wp\/v2\/comments?post=11350"}],"wp:featuredmedia":[{"embeddable":true,"href":"https:\/\/www.papillons-boutique.ro\/ro\/wp-json\/wp\/v2\/media\/11354"}],"wp:attachment":[{"href":"https:\/\/www.papillons-boutique.ro\/ro\/wp-json\/wp\/v2\/media?parent=11350"}],"wp:term":[{"taxonomy":"product_cat","embeddable":true,"href":"https:\/\/www.papillons-boutique.ro\/ro\/wp-json\/wp\/v2\/product_cat?post=11350"},{"taxonomy":"product_tag","embeddable":true,"href":"https:\/\/www.papillons-boutique.ro\/ro\/wp-json\/wp\/v2\/product_tag?post=11350"}],"curies":[{"name":"wp","href":"https:\/\/api.w.org\/{rel}","templated":true}]}}