{"id":3,"date":"2025-04-04T12:47:37","date_gmt":"2025-04-04T12:47:37","guid":{"rendered":"https:\/\/www.papillons-boutique.ro\/?page_id=3"},"modified":"2025-04-15T20:46:01","modified_gmt":"2025-04-15T20:46:01","slug":"politica-confidentialitate","status":"publish","type":"page","link":"https:\/\/www.papillons-boutique.ro\/ro\/politica-confidentialitate\/","title":{"rendered":"Politica de confidentialitate"},"content":{"rendered":"<div data-elementor-type=\"wp-page\" data-elementor-id=\"3\" class=\"elementor elementor-3\">\n\t\t\t\t<div class=\"elementor-element elementor-element-fe1ad80 e-flex e-con-boxed e-con e-parent\" data-id=\"fe1ad80\" data-element_type=\"container\">\n\t\t\t\t\t<div class=\"e-con-inner\">\n\t\t\t\t<div class=\"elementor-element elementor-element-70a2b9b elementor-widget elementor-widget-text-editor\" data-id=\"70a2b9b\" data-element_type=\"widget\" data-widget_type=\"text-editor.default\">\n\t\t\t\t<div class=\"elementor-widget-container\">\n\t\t\t\t\t\t\t\t\t<p>TERMENI \u0218I CONDI\u021aII GDPR<\/p>\n<p>Condi\u021bii Generale pentru utilizarea site-ului www.papillons-boutique.ro<\/p>\n<p>ACCEPTAREA CONDI\u021aIILOR<\/p>\n<p>Prin accesarea acestui site web \u0219i\/sau a oric\u0103rei pagini a acestuia sunte\u021bi de acord cu aceste condi\u021bii de utilizare. Dac\u0103 nu sunte\u021bi de acord cu ace\u0219ti termeni \u0219i condi\u021bii de utilizare, nu accesa\u021bi acest site.<\/p>\n<p>\u00a0<\/p>\n<p><br \/>DESCRIEREA SERVICIILOR<\/p>\n<p>Site-ul nostru v\u0103 pune la dispozi\u021bie informa\u021biile din acest site web \u00een scop informativ general \u0219i nu garanteaz\u0103 de exactitatea lor la un moment dat, de\u0219i se va \u00eencerca pe c\u00e2t posibil c\u0103 la publicarea lor pe site toate informa\u021biile s\u0103 fie exacte.<\/p>\n<p>\u00a0<\/p>\n<p><br \/>INTRODUCERE<\/p>\n<p>Prezentele Condi\u021bii Generale definesc condi\u021biile de utilizare a site-ului\u00a0www.kindstore.ro\u00a0de c\u0103tre poten\u021bialii vizitatori sau clien\u021bi. Acces\u00e2nd si navig\u00e2nd pe acest site, accepta\u021bi termenii de utilizare descri\u0219i \u00een continuare.<\/p>\n<p>\u00a0<\/p>\n<p><br \/>DREPTURILE ASUPRA CON\u021aINUTULUI SITE-ULUI<\/p>\n<p>CUSTOM GRAPHICS SRL (denumit\u0103 \u00een continuare CUSTOM GRAPHICS), nu va transfera titlul de proprietate asupra aplica\u021biilor software.\u00a0CUSTOM GRAPHICS\u00a0de\u021bine drepturi complete \u0219i depline asupra titlului de proprietate \u0219i prin aceasta toate drepturile de autor \u0219i cele brevetate. Nu ave\u021bi dreptul s\u0103 redistribui\u021bi, vinde\u021bi, decompila\u021bi, dezasambla\u021bi aplica\u021bia software \u00eentr-o forma perceptibil\u0103 de c\u0103tre oameni.<\/p>\n<p>Toate informa\u021biile, produsele sau aplicatiile con\u021binute \u00een acest site sunt proprietatea\u00a0CUSTOM GRAPHICS, care \u00ee\u021bi rezerv\u0103 dreptul de a modifica con\u021binutul \u0219i\/sau structura site-ului \u00een orice moment \u0219i f\u0103r\u0103 nici o informare prealabil\u0103.<\/p>\n<p>\u00centregul con\u021binut al site-ului\u00a0CUSTOM GRAPHICS\u00a0este protejat prin legea drepturilor de autor, toate drepturile fiind rezervate. Toate drepturile referitoare la pagini, con\u021binutul \u0219i prezentarea site-ului sunt de\u021binute de\u00a0CUSTOM GRAPHICS. Este interzis\u0103 copierea, modificarea, afi\u0219area, distribuirea, transmiterea, publicarea, comercializarea, licen\u021bierea, crearea unor materiale derivate sau utilizarea con\u021binutului site-ului \u00een orice scop f\u0103r\u0103 confirmarea scris\u0103 din partea\u00a0CUSTOM GRAPHICS.<\/p>\n<p>Accesul \u0219i utilizarea paginii\u00a0CUSTOM GRAPHICS\u00a0sunt gratuite \u0219i au scopul de a veni \u00een ajutorul utilizatorilor pentru a gasi informa\u021biile necesare \u00een cel mai usor si rapid mod posibil, conform cerin\u021belor fiec\u0103ruia.<\/p>\n<p>Informa\u021biile prezente pe www.kindstore.ro sunt de interes general \u0219i sunt puse la dispozi\u021bia utilizatorilor \u00een mod gratuit. Prin termenul \u201eutilizator\u201d al acestei pagini se \u00een\u021belege orice persoan\u0103 fizic\u0103 sau juridic\u0103 care va accesa pagina. Pute\u021bi copia \u0219i tip\u0103ri con\u021binutul paginii www.kindstore.ro pentru folosin\u021ba dumneavoastr\u0103 personal\u0103, f\u0103r\u0103 inten\u021bii comerciale. \u00cen orice alte situa\u021bii, con\u021binutul\u00a0CUSTOM GRAPHICS\u00a0nu poate fi reprodus, modificat sau exploatat f\u0103r\u0103 consim\u021b\u0103m\u00e2ntul explicit al reprezentan\u021bilor\u00a0CUSTOM GRAPHICS.<\/p>\n<p>\u00a0<\/p>\n<p><br \/>NEANGAJAREA R\u0102SPUNDERII<\/p>\n<p>Con\u021binutul informa\u021biilor se refer\u0103 la descrierea \u00eentr-un anumit grad de detaliere a activitatilor, produselor \u0219i serviciilor\u00a0CUSTOM GRAPHICS. Acesta nu va acorda nici o garan\u021bie referitoare la:<\/p>\n<p>\u2013 evitarea utiliz\u0103rii anevoioase sau \u00eentreruperii \u00een utilizare a site-ului;<\/p>\n<p>\u2013 neafectarea \u00een sens negativ a altor sisteme prin utilizarea site-ului;<\/p>\n<p>\u2013 inexisten\u021ba pe site-ul pus la dispozi\u021bie a viru\u0219ilor sau alte componente care ar putea d\u0103una utilizatorilor.<\/p>\n<p>Astfel,\u00a0CUSTOM GRAPHICS\u00a0nu poate fi responsabil\u0103 pentru nici un fel de daune directe sau indirecte produse prin utilizarea site-ului s\u0103u.<\/p>\n<p>Toate informa\u021biile prezentate pe site cu privire la produsele\u00a0CUSTOM GRAPHICS, pre\u021buri, informa\u021bii, campanii \u0219i promo\u021bii de marketing, aspecte tehnice, sunt prezentate cu titlu informativ. Nimic din con\u021binutul site-ului\u00a0CUSTOM GRAPHICS\u00a0nu poate constitui o ofert\u0103 ferma de a contracta \u0219i nu poate angaja r\u0103spunderea \u00een lipsa unor acorduri ulterioare.<\/p>\n<p>GDPR este un set de reguli bazat pe principii complexe, care este deschis la interpretare \u0219i con\u021bine, de asemenea, numeroase domenii \u00een care statele membre sunt invitate s\u0103 intervin\u0103. \u00cen prezent exista foarte putine \u00eendrumari cu privire la implementarea GDPR si este posibil ca Autoritatile de Supraveghere s\u0103 aib\u0103 puncte de vedere diferite fa\u021b\u0103 de cele exprimate \u00een acest sablon. \u00cen ciuda eforturilor noastre de a oferi cele mai bune servicii, nu putem anticipa cu exactitate modul \u00een care Autoritatea de Supraveghere sau instan\u021bele de judecat\u0103 vor interpreta Regulamentul.<\/p>\n<p><br \/>www.kindstore.ro\u00a0nu face nicio declara\u021bie, promisiune sau garan\u021bie cu privire la exactitatea, exhaustivitatea sau caracterul adecvat al prezentului con\u021binut, al \u00eendrum\u0103rilor \u0219i a consultantei, nu \u00ee\u0219i asum\u0103 nicio obliga\u021bie de rezultat sau diligenta fa\u021b\u0103 de nicio persoan\u0103, exclud \u00een mod expres \u0219i neag\u0103 r\u0103spunderea pentru orice cost, pierdere sau daunele suferite ca urmare a utiliz\u0103rii con\u021binutului.<\/p>\n<p>\u00a0<\/p>\n<p><br \/>OBIECTIVUL CON\u021aINUTULUI SITE-ULUI<\/p>\n<p>Obiectivul con\u021binutului site-ului este de a transmite informa\u021bii actualizate \u0219i exacte.<\/p>\n<p>CUSTOM GRAPHICS\u00a0nu poate garanta c\u0103 prezentele pagini nu con\u021bin erori, \u0219i asigur\u0103 c\u0103 va depune toate diligentele pentru realizarea unei inform\u0103ri corecte \u0219i remedierea eventualelor erori.<\/p>\n<p>Orice persoan\u0103 care dore\u0219te s\u0103-\u0219i procure unul din serviciile sau produsele prezentate \u00een site este rugata s\u0103 contacteze\u00a0CUSTOM GRAPHICS\u00a0prin unul din mijloacele afi\u0219ate \u00een pagina de Contact a site-ului, pentru a se informa at\u00e2t asupra disponibilit\u0103\u021bii serviciului sau produsului \u00een cauza c\u00e2t \u0219i asupra condi\u021biilor contractuale, tarifelor \u0219i informa\u021biilor tehnice sau de alt\u0103 natur\u0103.<\/p>\n<p>\u00a0<\/p>\n<p><br \/>INFORMA\u021aII PERSONALE<\/p>\n<p>C\u00e2nd prin intermediul prezentului site v\u0103 sunt solicitate informa\u021bii, aceasta are ca scop identificarea dumneavoastr\u0103 sau posibilitatea de a v\u0103 contacta. Acest lucru este cu at\u00e2t mai necesar \u00een cazul folosirii aplica\u021biilor disponibile pe site.<\/p>\n<p>Natura informa\u021biilor solicitate se refer\u0103 \u00een special la date personale (nume, adresa, numere de telefon), adresa de e-mail, modul \u00een care sunt utilizate sau inten\u021bioneaz\u0103 s\u0103 fie utilizate produsele \u0219i\/sau serviciile\u00a0CUSTOM GRAPHICS, dar poate include \u0219i alte informa\u021bii aflate \u00een str\u00e2nsa leg\u0103tur\u0103 cu utilizarea serviciilor \u0219i\/sau produselor solicitate.<\/p>\n<p>Cu scopul de a r\u0103spunde mai bine nevoilor \u0219i \u00eentrebarilor utilizatorilor site-ului, informa\u021biile solicitate prin intermediul acestui site vor face obiectul unei stoc\u0103ri \u0219i prelucr\u0103ri electronice.<\/p>\n<p>\u00a0<\/p>\n<p><br \/>LEGATURA CU ALTE SITE-URI<\/p>\n<p>Prezentul site poate con\u021bine leg\u0103turi sau trimiteri c\u0103tre alte site-uri considerate de\u00a0CUSTOM GRAPHICS\u00a0utile \u00een legatur\u0103 cu con\u021binutul site-ului sau \u0219i care nu se afl\u0103 sub controlul sau \u00eendrumarea sa. \u00cen cazul utiliz\u0103rii acestor legaturi sau trimiteri se vor aplica condi\u021biile generale de utilizare corespunz\u0103toare acelor site-uri.<\/p>\n<p>CUSTOM GRAPHICS\u00a0nu poate garanta\/controla actualitatea\/exactitatea informa\u021biilor prezente pe site-urile unor ter\u021bi, la care se face trimitere de pe site-ul s\u0103u.<\/p>\n<p>\u00a0<\/p>\n<p><br \/>INFORMA\u021aIILE OFERITE PRIN INTERMEDIUL SITE-ULUI<\/p>\n<p>Orice persoan\u0103 care viziteaz\u0103 site-ul\u00a0CUSTOM GRAPHICS\u00a0\u0219i care ofer\u0103 date sau informa\u021bii cu caracter personal prin intermediul acestui site \u00ee\u0219i manifest\u0103 acordul \u00een mod expres \u0219i neechivoc pentru urm\u0103toarele: prelucrarea acestor date \u0219i informa\u021bii personale de c\u0103tre\u00a0CUSTOM GRAPHICS; transmiterii de materiale promo\u021bionale specifice opera\u021biunilor de marketing direct; solu\u021bionarea de c\u0103tre\u00a0CUSTOM GRAPHICS\u00a0a cererilor, \u00eentrebarilor \u0219i reclama\u021biilor adresate (a se vedea pagina Contact din site); alte activit\u0103\u021bi \u00eentreprinse de\u00a0CUSTOM GRAPHICS\u00a0\u0219i permise de lege, ce nu fac obiectul unei aprob\u0103ri din partea destinatarului.<\/p>\n<p>CUSTOM GRAPHICS\u00a0va p\u0103stra confiden\u021bialitatea acestor informa\u021bii.<\/p>\n<p>Utilizarea \u00een continuare a acestui site constituie acordul expres \u0219i neechivoc al dumneavoastr\u0103 \u00een conformitate cu prevederile legii 677\/2001 \u0219i directivelor GDPR pentru protec\u021bia persoanelor cu privire la prelucrarea datelor cu caracter personal \u0219i liber\u0103 circula\u021bie a acestor date.<\/p>\n<p>Pentru orice nel\u0103murire \u00een legatura cu exercitarea drepturilor dumneavoastr\u0103 referitoare la utilizarea site-ului \u0219i la protec\u021bia utiliz\u0103rii v\u0103 rug\u0103m s\u0103 citi\u021bi Politica de confiden\u021bialitate sau s\u0103 ne contacta\u021bi prin intermediul sec\u021biunii Contact din site.<\/p>\t\t\t\t\t\t\t\t<\/div>\n\t\t\t\t<\/div>\n\t\t\t\t\t<\/div>\n\t\t\t\t<\/div>\n\t\t\t\t<\/div>","protected":false},"excerpt":{"rendered":"<p>TERMENI \u0218I CONDI\u021aII GDPR Condi\u021bii Generale pentru utilizarea site-ului www.papillons-boutique.ro ACCEPTAREA CONDI\u021aIILOR Prin accesarea acestui site web \u0219i\/sau a oric\u0103rei pagini a acestuia sunte\u021bi de acord cu aceste condi\u021bii de utilizare. Dac\u0103 nu sunte\u021bi de acord cu ace\u0219ti termeni \u0219i condi\u021bii de utilizare, nu accesa\u021bi acest site. \u00a0 DESCRIEREA SERVICIILOR Site-ul nostru v\u0103 pune la [&hellip;]<\/p>","protected":false},"author":1,"featured_media":0,"parent":0,"menu_order":0,"comment_status":"closed","ping_status":"closed","template":"","meta":{"footnotes":""},"class_list":["post-3","page","type-page","status-publish","hentry"],"yoast_head":"<!-- This site is optimized with the Yoast SEO Premium plugin v24.5 (Yoast SEO v24.5) - https:\/\/yoast.com\/wordpress\/plugins\/seo\/ -->\n<title>Politica de confidentialitate | Papillons Botique<\/title>\n<meta name=\"robots\" content=\"index, follow, max-snippet:-1, max-image-preview:large, max-video-preview:-1\" \/>\n<link rel=\"canonical\" href=\"https:\/\/www.papillons-boutique.ro\/ro\/politica-confidentialitate\/\" \/>\n<meta property=\"og:locale\" content=\"ro_RO\" \/>\n<meta property=\"og:type\" content=\"article\" \/>\n<meta property=\"og:title\" content=\"Politica de confidentialitate\" \/>\n<meta property=\"og:description\" content=\"TERMENI \u0218I CONDI\u021aII GDPR Condi\u021bii Generale pentru utilizarea site-ului www.papillons-boutique.ro ACCEPTAREA CONDI\u021aIILOR Prin accesarea acestui site web \u0219i\/sau a oric\u0103rei pagini a acestuia sunte\u021bi de acord cu aceste condi\u021bii de utilizare. Dac\u0103 nu sunte\u021bi de acord cu ace\u0219ti termeni \u0219i condi\u021bii de utilizare, nu accesa\u021bi acest site. \u00a0 DESCRIEREA SERVICIILOR Site-ul nostru v\u0103 pune la [&hellip;]\" \/>\n<meta property=\"og:url\" content=\"https:\/\/www.papillons-boutique.ro\/ro\/politica-confidentialitate\/\" \/>\n<meta property=\"og:site_name\" content=\"Papillons Botique\" \/>\n<meta property=\"article:modified_time\" content=\"2025-04-15T20:46:01+00:00\" \/>\n<meta property=\"og:image\" content=\"https:\/\/www.papillons-boutique.ro\/wp-content\/uploads\/2025\/04\/instagram-scaled.jpg\" \/>\n\t<meta property=\"og:image:width\" content=\"2560\" \/>\n\t<meta property=\"og:image:height\" content=\"1520\" \/>\n\t<meta property=\"og:image:type\" content=\"image\/jpeg\" \/>\n<meta name=\"twitter:card\" content=\"summary_large_image\" \/>\n<meta name=\"twitter:label1\" content=\"Timp estimat pentru citire\" \/>\n\t<meta name=\"twitter:data1\" content=\"6 minute\" \/>\n<script type=\"application\/ld+json\" class=\"yoast-schema-graph\">{\"@context\":\"https:\/\/schema.org\",\"@graph\":[{\"@type\":\"WebPage\",\"@id\":\"https:\/\/www.papillons-boutique.ro\/politica-confidentialitate\/\",\"url\":\"https:\/\/www.papillons-boutique.ro\/politica-confidentialitate\/\",\"name\":\"Politica de confidentialitate | Papillons Botique\",\"isPartOf\":{\"@id\":\"https:\/\/www.papillons-boutique.ro\/#website\"},\"datePublished\":\"2025-04-04T12:47:37+00:00\",\"dateModified\":\"2025-04-15T20:46:01+00:00\",\"breadcrumb\":{\"@id\":\"https:\/\/www.papillons-boutique.ro\/politica-confidentialitate\/#breadcrumb\"},\"inLanguage\":\"ro-RO\",\"potentialAction\":[{\"@type\":\"ReadAction\",\"target\":[\"https:\/\/www.papillons-boutique.ro\/politica-confidentialitate\/\"]}]},{\"@type\":\"BreadcrumbList\",\"@id\":\"https:\/\/www.papillons-boutique.ro\/politica-confidentialitate\/#breadcrumb\",\"itemListElement\":[{\"@type\":\"ListItem\",\"position\":1,\"name\":\"Home\",\"item\":\"https:\/\/www.papillons-boutique.ro\/\"},{\"@type\":\"ListItem\",\"position\":2,\"name\":\"Politica de confidentialitate\"}]},{\"@type\":\"WebSite\",\"@id\":\"https:\/\/www.papillons-boutique.ro\/#website\",\"url\":\"https:\/\/www.papillons-boutique.ro\/\",\"name\":\"Papillons Boutique\",\"description\":\"Papillons Boutique\",\"publisher\":{\"@id\":\"https:\/\/www.papillons-boutique.ro\/#organization\"},\"potentialAction\":[{\"@type\":\"SearchAction\",\"target\":{\"@type\":\"EntryPoint\",\"urlTemplate\":\"https:\/\/www.papillons-boutique.ro\/?s={search_term_string}\"},\"query-input\":{\"@type\":\"PropertyValueSpecification\",\"valueRequired\":true,\"valueName\":\"search_term_string\"}}],\"inLanguage\":\"ro-RO\"},{\"@type\":[\"Organization\",\"Place\"],\"@id\":\"https:\/\/www.papillons-boutique.ro\/#organization\",\"name\":\"Papillons Botique\",\"url\":\"https:\/\/www.papillons-boutique.ro\/\",\"logo\":{\"@id\":\"https:\/\/www.papillons-boutique.ro\/politica-confidentialitate\/#local-main-organization-logo\"},\"image\":{\"@id\":\"https:\/\/www.papillons-boutique.ro\/politica-confidentialitate\/#local-main-organization-logo\"},\"telephone\":[],\"openingHoursSpecification\":[{\"@type\":\"OpeningHoursSpecification\",\"dayOfWeek\":[\"Monday\",\"Tuesday\",\"Wednesday\",\"Thursday\",\"Friday\",\"Saturday\",\"Sunday\"],\"opens\":\"09:00\",\"closes\":\"17:00\"}]},{\"@type\":\"ImageObject\",\"inLanguage\":\"ro-RO\",\"@id\":\"https:\/\/www.papillons-boutique.ro\/politica-confidentialitate\/#local-main-organization-logo\",\"url\":\"https:\/\/www.papillons-boutique.ro\/wp-content\/uploads\/2025\/04\/logo-1.png\",\"contentUrl\":\"https:\/\/www.papillons-boutique.ro\/wp-content\/uploads\/2025\/04\/logo-1.png\",\"width\":336,\"height\":120,\"caption\":\"Papillons Botique\"}]}<\/script>\n<!-- \/ Yoast SEO Premium plugin. -->","yoast_head_json":{"title":"Politica de confidentialitate | Papillons Botique","robots":{"index":"index","follow":"follow","max-snippet":"max-snippet:-1","max-image-preview":"max-image-preview:large","max-video-preview":"max-video-preview:-1"},"canonical":"https:\/\/www.papillons-boutique.ro\/ro\/politica-confidentialitate\/","og_locale":"ro_RO","og_type":"article","og_title":"Politica de confidentialitate","og_description":"TERMENI \u0218I CONDI\u021aII GDPR Condi\u021bii Generale pentru utilizarea site-ului www.papillons-boutique.ro ACCEPTAREA CONDI\u021aIILOR Prin accesarea acestui site web \u0219i\/sau a oric\u0103rei pagini a acestuia sunte\u021bi de acord cu aceste condi\u021bii de utilizare. Dac\u0103 nu sunte\u021bi de acord cu ace\u0219ti termeni \u0219i condi\u021bii de utilizare, nu accesa\u021bi acest site. \u00a0 DESCRIEREA SERVICIILOR Site-ul nostru v\u0103 pune la [&hellip;]","og_url":"https:\/\/www.papillons-boutique.ro\/ro\/politica-confidentialitate\/","og_site_name":"Papillons Botique","article_modified_time":"2025-04-15T20:46:01+00:00","og_image":[{"width":2560,"height":1520,"url":"https:\/\/www.papillons-boutique.ro\/wp-content\/uploads\/2025\/04\/instagram-scaled.jpg","type":"image\/jpeg"}],"twitter_card":"summary_large_image","twitter_misc":{"Timp estimat pentru citire":"6 minute"},"schema":{"@context":"https:\/\/schema.org","@graph":[{"@type":"WebPage","@id":"https:\/\/www.papillons-boutique.ro\/politica-confidentialitate\/","url":"https:\/\/www.papillons-boutique.ro\/politica-confidentialitate\/","name":"Politica de confidentialitate | Papillons Botique","isPartOf":{"@id":"https:\/\/www.papillons-boutique.ro\/#website"},"datePublished":"2025-04-04T12:47:37+00:00","dateModified":"2025-04-15T20:46:01+00:00","breadcrumb":{"@id":"https:\/\/www.papillons-boutique.ro\/politica-confidentialitate\/#breadcrumb"},"inLanguage":"ro-RO","potentialAction":[{"@type":"ReadAction","target":["https:\/\/www.papillons-boutique.ro\/politica-confidentialitate\/"]}]},{"@type":"BreadcrumbList","@id":"https:\/\/www.papillons-boutique.ro\/politica-confidentialitate\/#breadcrumb","itemListElement":[{"@type":"ListItem","position":1,"name":"Home","item":"https:\/\/www.papillons-boutique.ro\/"},{"@type":"ListItem","position":2,"name":"Politica de confidentialitate"}]},{"@type":"WebSite","@id":"https:\/\/www.papillons-boutique.ro\/#website","url":"https:\/\/www.papillons-boutique.ro\/","name":"Papillons Boutique","description":"Papillons Boutique","publisher":{"@id":"https:\/\/www.papillons-boutique.ro\/#organization"},"potentialAction":[{"@type":"SearchAction","target":{"@type":"EntryPoint","urlTemplate":"https:\/\/www.papillons-boutique.ro\/?s={search_term_string}"},"query-input":{"@type":"PropertyValueSpecification","valueRequired":true,"valueName":"search_term_string"}}],"inLanguage":"ro-RO"},{"@type":["Organization","Place"],"@id":"https:\/\/www.papillons-boutique.ro\/#organization","name":"Papillons Botique","url":"https:\/\/www.papillons-boutique.ro\/","logo":{"@id":"https:\/\/www.papillons-boutique.ro\/politica-confidentialitate\/#local-main-organization-logo"},"image":{"@id":"https:\/\/www.papillons-boutique.ro\/politica-confidentialitate\/#local-main-organization-logo"},"telephone":[],"openingHoursSpecification":[{"@type":"OpeningHoursSpecification","dayOfWeek":["Monday","Tuesday","Wednesday","Thursday","Friday","Saturday","Sunday"],"opens":"09:00","closes":"17:00"}]},{"@type":"ImageObject","inLanguage":"ro-RO","@id":"https:\/\/www.papillons-boutique.ro\/politica-confidentialitate\/#local-main-organization-logo","url":"https:\/\/www.papillons-boutique.ro\/wp-content\/uploads\/2025\/04\/logo-1.png","contentUrl":"https:\/\/www.papillons-boutique.ro\/wp-content\/uploads\/2025\/04\/logo-1.png","width":336,"height":120,"caption":"Papillons Botique"}]}},"_links":{"self":[{"href":"https:\/\/www.papillons-boutique.ro\/ro\/wp-json\/wp\/v2\/pages\/3","targetHints":{"allow":["GET"]}}],"collection":[{"href":"https:\/\/www.papillons-boutique.ro\/ro\/wp-json\/wp\/v2\/pages"}],"about":[{"href":"https:\/\/www.papillons-boutique.ro\/ro\/wp-json\/wp\/v2\/types\/page"}],"author":[{"embeddable":true,"href":"https:\/\/www.papillons-boutique.ro\/ro\/wp-json\/wp\/v2\/users\/1"}],"replies":[{"embeddable":true,"href":"https:\/\/www.papillons-boutique.ro\/ro\/wp-json\/wp\/v2\/comments?post=3"}],"version-history":[{"count":4,"href":"https:\/\/www.papillons-boutique.ro\/ro\/wp-json\/wp\/v2\/pages\/3\/revisions"}],"predecessor-version":[{"id":11237,"href":"https:\/\/www.papillons-boutique.ro\/ro\/wp-json\/wp\/v2\/pages\/3\/revisions\/11237"}],"wp:attachment":[{"href":"https:\/\/www.papillons-boutique.ro\/ro\/wp-json\/wp\/v2\/media?parent=3"}],"curies":[{"name":"wp","href":"https:\/\/api.w.org\/{rel}","templated":true}]}}